{"id":184,"date":"2017-03-01T23:30:27","date_gmt":"2017-03-01T22:30:27","guid":{"rendered":"http:\/\/toutenjeu.be\/?page_id=184"},"modified":"2023-03-27T14:44:24","modified_gmt":"2023-03-27T12:44:24","slug":"stages-pour-les-jeunes-enfants","status":"publish","type":"page","link":"http:\/\/toutenjeu.be\/index.php\/stages-pour-les-jeunes-enfants\/","title":{"rendered":"Petit groupe d&#8217;aide 2022-23 pour les 4-5 ans"},"content":{"rendered":"<h2 style=\"text-align: center;\"><span style=\"color: #99cc00;\"><strong>I<\/strong><strong>nvitation \u00e0 jouer, \u00e0 vivre une s\u00e9ance de psychomotricit\u00e9 relationnelle. <\/strong><\/span><\/h2>\n<p><\/p>\n<h3><strong>Une proposition en petit groupe pour vos enfants tous les <span style=\"color: #99cc00;\">samedis <\/span>:<\/strong><\/h3>\n<h3><strong>de 14h30 \u00e0 15h45 pour les 4-5 ans<\/strong><\/h3>\n<h3><strong>Avec <\/strong><span style=\"color: #99cc00;\">2 psychomotriciennes<\/span>, <strong>Claudie et Catherine<\/strong><\/h3>\n<p><\/p>\n<h3><strong>O\u00f9? boulevard Saint-Michel 28<\/strong>, \u00e0 1040 Bruxelles.<\/h3>\n<p><em>Informations et r\u00e9servation au 0473 72 93 92 &#8211; cgillet@cjpr.be.&nbsp;<\/em><\/p>\n<p style=\"padding-left: 40px;\"><span style=\"color: #666699;\"><em>Une s\u00e9ance, c&#8217;est un moment de jeu; de jeux qui aident l&#8217;enfant \u00e0 grandir, \u00e0 transformer petit \u00e0 petit son v\u00e9cu corporel et \u00e9motionnel en le symbolisant; <strong>un espace<\/strong> pour se mouvoir au gr\u00e9 de son rythme, de ses sensations, de ses possibilit\u00e9s; <strong>un temps<\/strong> o\u00f9 jouer ensemble, cr\u00e9er et communiquer ; <strong>un lieu<\/strong> pour construire, exp\u00e9rimenter en s\u00e9curit\u00e9, se construire ; le tout dans <strong>un cadre<\/strong> contenant et propice aux initiatives de l&#8217;enfant que nous accueillons, encourageons et structurons.&nbsp;<\/em><\/span><\/p>\n<h3><span style=\"color: #99cc00;\">Bienvenue!<\/span><\/h3>\n\n\n<p><\/p>\n","protected":false},"excerpt":{"rendered":"<p>Invitation \u00e0 jouer, \u00e0 vivre une s\u00e9ance de psychomotricit\u00e9 relationnelle. Une proposition en petit groupe pour vos enfants tous les samedis : de 14h30 \u00e0 15h45 pour les 4-5 ans Avec 2 psychomotriciennes, Claudie et Catherine O\u00f9? boulevard Saint-Michel 28, \u00e0 1040 Bruxelles. Informations et r\u00e9servation au 0473 72 93 92 &#8211; cgillet@cjpr.be.&nbsp; Une s\u00e9ance, [&hellip;]<\/p>\n","protected":false},"author":1,"featured_media":0,"parent":0,"menu_order":2,"comment_status":"closed","ping_status":"closed","template":"","meta":{"footnotes":""},"_links":{"self":[{"href":"http:\/\/toutenjeu.be\/index.php\/wp-json\/wp\/v2\/pages\/184"}],"collection":[{"href":"http:\/\/toutenjeu.be\/index.php\/wp-json\/wp\/v2\/pages"}],"about":[{"href":"http:\/\/toutenjeu.be\/index.php\/wp-json\/wp\/v2\/types\/page"}],"author":[{"embeddable":true,"href":"http:\/\/toutenjeu.be\/index.php\/wp-json\/wp\/v2\/users\/1"}],"replies":[{"embeddable":true,"href":"http:\/\/toutenjeu.be\/index.php\/wp-json\/wp\/v2\/comments?post=184"}],"version-history":[{"count":96,"href":"http:\/\/toutenjeu.be\/index.php\/wp-json\/wp\/v2\/pages\/184\/revisions"}],"predecessor-version":[{"id":492,"href":"http:\/\/toutenjeu.be\/index.php\/wp-json\/wp\/v2\/pages\/184\/revisions\/492"}],"wp:attachment":[{"href":"http:\/\/toutenjeu.be\/index.php\/wp-json\/wp\/v2\/media?parent=184"}],"curies":[{"name":"wp","href":"https:\/\/api.w.org\/{rel}","templated":true}]}}