{"id":49,"date":"2017-01-22T19:31:15","date_gmt":"2017-01-22T18:31:15","guid":{"rendered":"http:\/\/toutenjeu.be\/?page_id=49"},"modified":"2020-09-15T14:22:20","modified_gmt":"2020-09-15T12:22:20","slug":"avec-qui","status":"publish","type":"page","link":"http:\/\/toutenjeu.be\/index.php\/avec-qui\/","title":{"rendered":"Avec qui"},"content":{"rendered":"<h3 style=\"text-align: left;\"><strong>Catherine Gillet &#8211; 0473\/72 93 92 &#8211; cgillet@cjpr.be<\/strong><\/h3>\n<h3><strong>Ania Devuyst &#8211; 0499\/42 19 17 &#8211; aniadevuyst@hotmail.com<\/strong><\/h3>\n<p><strong>Psychomotriciennes, form\u00e9es \u00e0 la pratique psychomotrice Aucouturier en \u00e9ducation, aide en groupe et aide individuelle (\u00e0 l&#8217;<a href=\"http:\/\/www.ebppa.be\">Ecole belge de Pratique Psychomotrice Aucouturier<\/a>).<\/strong><\/p>\n<h3 style=\"padding-left: 30px;\"><em><strong>A la crois\u00e9e de deux univers<\/strong><\/em><\/h3>\n<p>Au coeur de notre recherche professionnelle: l&#8217;accompagnement et le soutien au d\u00e9veloppement de l&#8217;enfant. Nos styles et comp\u00e9tences nous viennent, \u00e0 la fois, des mondes artistiques et des sciences humaines. La formation personnelle et la pratique de supervision occupent une place importante dans notre formation \u00e0 chacune.<\/p>\n<p>Ensemble, nous avons men\u00e9 pendant 3 ans un projet de groupe d&#8217;aide en psychomotricit\u00e9 en petits groupes, pour enfants en fragilit\u00e9 dans leur d\u00e9veloppement, commandit\u00e9 par les partenaires du r\u00e9seau coordination enfance de la commune de St Josse et financ\u00e9 par cette institution. Sur base de cette exp\u00e9rience, nous avons poursuivi notre collaboration en cr\u00e9ant TOUT ENJEU.<\/p>\n<p>Nous poursuivons notre collaboration dans le cadre d&#8217;un accompagnement d&#8217;aide parents-enfants en psychomotricit\u00e9, en petit groupe toujours, au sein de la Maison m\u00e9dicale Cassiop\u00e9e et \u00e0 son initiative.<\/p>\n<h3><\/h3>\n<h3 style=\"padding-left: 30px;\"><em><strong>Formations compl\u00e9mentaires et exp\u00e9riences<\/strong><\/em><\/h3>\n<h3><strong>Catherine Gillet<br \/>\n<\/strong><\/h3>\n<h5>Master en histoire de l&#8217;art (ULB), bachelier en philosophie (UCL).<\/h5>\n<h5>Formation continu\u00e9e \u00e0 diverses pratiques autour du mouvement, du geste et du souffle (technique Matthias Alexander, pratique du yoga et de la danse).<\/h5>\n<h5>Pratique depuis 10 ans en aide individuelle et en petit groupe (groupe d&#8217;enfants\/groupe parents-enfants), en tant que psychomotricienne ind\u00e9pendante.<\/h5>\n<h5>Outre le fran\u00e7ais, ma langue maternelle, je m&#8217;exprime \u00e9galement en anglais et en n\u00e9erlandais.<\/h5>\n<h3><strong>Ania Devuyst<br \/>\n<\/strong><\/h3>\n<h5>Bachelier en travail social \u00e0 ISFSC;<\/h5>\n<h5>Syst\u00e9mique et intervention aupr\u00e8s des familles chez Jacques Beaujean et ensuite Edith Tilmans (IRFSAM)\u00a0;<\/h5>\n<h5>Pr\u00e9carit\u00e9 en contexte social &#8211; formation continu\u00e9e en anthropologie (UCL) sous la direction de Pascale Jamoulle.<\/h5>\n<h5>Licence en Th\u00e9\u00e2tre au CET \u00e0 Louvain-la-Neuve;<\/h5>\n<h5>Fomation continu\u00e9e en th\u00e9\u00e2tre, dessin et mouvement.<\/h5>\n<h5>Pratique depuis 17 ans en tant que psychomotricienne pour La Maison Rue Verte (maison d&#8217;accueil pour femmes et enfants en difficult\u00e9). Accompagnement des enfants par l&#8217;aide psychomotrice au sein de la maison d&#8217;accueil et en cr\u00e8che.<\/h5>\n","protected":false},"excerpt":{"rendered":"<p>Catherine Gillet &#8211; 0473\/72 93 92 &#8211; cgillet@cjpr.be Ania Devuyst &#8211; 0499\/42 19 17 &#8211; aniadevuyst@hotmail.com Psychomotriciennes, form\u00e9es \u00e0 la pratique psychomotrice Aucouturier en \u00e9ducation, aide en groupe et aide individuelle (\u00e0 l&#8217;Ecole belge de Pratique Psychomotrice Aucouturier). A la crois\u00e9e de deux univers Au coeur de notre recherche professionnelle: l&#8217;accompagnement et le soutien au [&hellip;]<\/p>\n","protected":false},"author":1,"featured_media":0,"parent":0,"menu_order":6,"comment_status":"closed","ping_status":"closed","template":"","meta":{"footnotes":""},"_links":{"self":[{"href":"http:\/\/toutenjeu.be\/index.php\/wp-json\/wp\/v2\/pages\/49"}],"collection":[{"href":"http:\/\/toutenjeu.be\/index.php\/wp-json\/wp\/v2\/pages"}],"about":[{"href":"http:\/\/toutenjeu.be\/index.php\/wp-json\/wp\/v2\/types\/page"}],"author":[{"embeddable":true,"href":"http:\/\/toutenjeu.be\/index.php\/wp-json\/wp\/v2\/users\/1"}],"replies":[{"embeddable":true,"href":"http:\/\/toutenjeu.be\/index.php\/wp-json\/wp\/v2\/comments?post=49"}],"version-history":[{"count":59,"href":"http:\/\/toutenjeu.be\/index.php\/wp-json\/wp\/v2\/pages\/49\/revisions"}],"predecessor-version":[{"id":468,"href":"http:\/\/toutenjeu.be\/index.php\/wp-json\/wp\/v2\/pages\/49\/revisions\/468"}],"wp:attachment":[{"href":"http:\/\/toutenjeu.be\/index.php\/wp-json\/wp\/v2\/media?parent=49"}],"curies":[{"name":"wp","href":"https:\/\/api.w.org\/{rel}","templated":true}]}}