{"id":53,"date":"2017-01-22T19:31:41","date_gmt":"2017-01-22T18:31:41","guid":{"rendered":"http:\/\/toutenjeu.be\/?page_id=53"},"modified":"2020-09-15T14:19:15","modified_gmt":"2020-09-15T12:19:15","slug":"mais-cest-ou","status":"publish","type":"page","link":"http:\/\/toutenjeu.be\/index.php\/mais-cest-ou\/","title":{"rendered":"O\u00f9"},"content":{"rendered":"<ul>\n<li>\n<h3>\u00e0 1030 Schaerbeek, rue Nestor de Ti\u00e8re 29<\/h3>\n<\/li>\n<li>\n<h3>\u00e0 1040 Etterbeek, boulevard St Michel 28<\/h3>\n<\/li>\n<\/ul>\n","protected":false},"excerpt":{"rendered":"<p>\u00e0 1030 Schaerbeek, rue Nestor de Ti\u00e8re 29 \u00e0 1040 Etterbeek, boulevard St Michel 28<\/p>\n","protected":false},"author":1,"featured_media":0,"parent":0,"menu_order":7,"comment_status":"closed","ping_status":"closed","template":"","meta":{"footnotes":""},"_links":{"self":[{"href":"http:\/\/toutenjeu.be\/index.php\/wp-json\/wp\/v2\/pages\/53"}],"collection":[{"href":"http:\/\/toutenjeu.be\/index.php\/wp-json\/wp\/v2\/pages"}],"about":[{"href":"http:\/\/toutenjeu.be\/index.php\/wp-json\/wp\/v2\/types\/page"}],"author":[{"embeddable":true,"href":"http:\/\/toutenjeu.be\/index.php\/wp-json\/wp\/v2\/users\/1"}],"replies":[{"embeddable":true,"href":"http:\/\/toutenjeu.be\/index.php\/wp-json\/wp\/v2\/comments?post=53"}],"version-history":[{"count":22,"href":"http:\/\/toutenjeu.be\/index.php\/wp-json\/wp\/v2\/pages\/53\/revisions"}],"predecessor-version":[{"id":466,"href":"http:\/\/toutenjeu.be\/index.php\/wp-json\/wp\/v2\/pages\/53\/revisions\/466"}],"wp:attachment":[{"href":"http:\/\/toutenjeu.be\/index.php\/wp-json\/wp\/v2\/media?parent=53"}],"curies":[{"name":"wp","href":"https:\/\/api.w.org\/{rel}","templated":true}]}}