{"id":55,"date":"2017-01-22T19:32:11","date_gmt":"2017-01-22T18:32:11","guid":{"rendered":"http:\/\/toutenjeu.be\/?page_id=55"},"modified":"2017-03-21T09:36:14","modified_gmt":"2017-03-21T08:36:14","slug":"informations-pratiques","status":"publish","type":"page","link":"http:\/\/toutenjeu.be\/index.php\/informations-pratiques\/","title":{"rendered":"Un suivi"},"content":{"rendered":"<p>En d\u00e9but d&#8217;accompagnement, nous proposons une rencontre de l&#8217;enfant avec ses parents. Notre but sera d&#8217;entendre la demande. Ainsi, nous prendrons le temps de nous int\u00e9resser \u00e0 l&#8217;histoire de l&#8217;enfant \u00e9voqu\u00e9e par ses parents. Rencontre essentielle pour faire connaissance avec l&#8217;univers familial de l&#8217;enfant. Ceci afin de mieux le comprendre.<\/p>\n<p>Suivront 3 s\u00e9ances d&#8217;observation et une deuxi\u00e8me rencontre avec les parents pour, sur base de nos observations, proposer un projet de travail pour l&#8217;enfant.<\/p>\n<p>Toutes les 10 \u00e0 12 s\u00e9ances, nous proposerons une rencontre avec les parents afin de poursuivre nos \u00e9changes autour de l&#8217;\u00e9volution de leur enfant.<\/p>\n","protected":false},"excerpt":{"rendered":"<p>En d\u00e9but d&#8217;accompagnement, nous proposons une rencontre de l&#8217;enfant avec ses parents. Notre but sera d&#8217;entendre la demande. Ainsi, nous prendrons le temps de nous int\u00e9resser \u00e0 l&#8217;histoire de l&#8217;enfant \u00e9voqu\u00e9e par ses parents. Rencontre essentielle pour faire connaissance avec l&#8217;univers familial de l&#8217;enfant. Ceci afin de mieux le comprendre. Suivront 3 s\u00e9ances d&#8217;observation et [&hellip;]<\/p>\n","protected":false},"author":1,"featured_media":0,"parent":0,"menu_order":5,"comment_status":"closed","ping_status":"closed","template":"","meta":{"footnotes":""},"_links":{"self":[{"href":"http:\/\/toutenjeu.be\/index.php\/wp-json\/wp\/v2\/pages\/55"}],"collection":[{"href":"http:\/\/toutenjeu.be\/index.php\/wp-json\/wp\/v2\/pages"}],"about":[{"href":"http:\/\/toutenjeu.be\/index.php\/wp-json\/wp\/v2\/types\/page"}],"author":[{"embeddable":true,"href":"http:\/\/toutenjeu.be\/index.php\/wp-json\/wp\/v2\/users\/1"}],"replies":[{"embeddable":true,"href":"http:\/\/toutenjeu.be\/index.php\/wp-json\/wp\/v2\/comments?post=55"}],"version-history":[{"count":9,"href":"http:\/\/toutenjeu.be\/index.php\/wp-json\/wp\/v2\/pages\/55\/revisions"}],"predecessor-version":[{"id":267,"href":"http:\/\/toutenjeu.be\/index.php\/wp-json\/wp\/v2\/pages\/55\/revisions\/267"}],"wp:attachment":[{"href":"http:\/\/toutenjeu.be\/index.php\/wp-json\/wp\/v2\/media?parent=55"}],"curies":[{"name":"wp","href":"https:\/\/api.w.org\/{rel}","templated":true}]}}