{"id":59,"date":"2017-01-22T19:33:50","date_gmt":"2017-01-22T18:33:50","guid":{"rendered":"http:\/\/toutenjeu.be\/?page_id=59"},"modified":"2018-06-03T22:43:44","modified_gmt":"2018-06-03T20:43:44","slug":"cpour-qui","status":"publish","type":"page","link":"http:\/\/toutenjeu.be\/index.php\/cpour-qui\/","title":{"rendered":"Pour qui"},"content":{"rendered":"<h3>Un accompagnement pour les enfants de quelques mois \u00e0 la pr\u00e9-adolescence<\/h3>\n<p>&nbsp;<\/p>\n<p><strong>En groupe<\/strong><\/p>\n<p style=\"padding-left: 30px;\">Une stimulation ludique du d\u00e9veloppement du jeune enfant \u00e0 la d\u00e9couverte de lui-m\u00eame, des autres et de son environnement, en pr\u00e9sence d&#8217;autres enfants et\/ou de son parent ou de la personne qui prend soin de lui (s\u00e9ances parents-enfants).<\/p>\n<p><strong>Ou individuellement<br \/>\n<\/strong><\/p>\n<p style=\"padding-left: 30px;\">Une pratique pertinente pour aider l&#8217;enfant en difficult\u00e9 de grandir. Un mal \u00eatre qui peut s&#8217;exprimer par de l&#8217;anxi\u00e9t\u00e9, de l&#8217;ins\u00e9curit\u00e9, de l&#8217;impulsivit\u00e9, de l&#8217;hypotonie, de hyperkin\u00e9sie, des troubles spatio-temporels. Bref, des troubles du d\u00e9veloppement psychomoteur.<\/p>\n<p style=\"padding-left: 30px;\">Il peut s&#8217;agir aussi de troubles sp\u00e9cifiques, de troubles envahissants de la personnalit\u00e9 comme des difficult\u00e9s d&#8217;attention et concentration, de l&#8217;hyperactivit\u00e9, des traits autistiques, &#8230;<\/p>\n<p style=\"padding-left: 30px;\">Ou il peut s&#8217;agir encore d&#8217;un enfant souffrant d&#8217;une infirmit\u00e9 motrice c\u00e9r\u00e9brale qui affecte son processus de d\u00e9veloppement. Un enfant qui de ce fait a perdu confiance en ses comp\u00e9tences.<\/p>\n<p style=\"padding-left: 30px;\">Bref, toute difficult\u00e9 qui affecte chez l\u2019enfant son plaisir \u00e0 \u00eatre.<\/p>\n","protected":false},"excerpt":{"rendered":"<p>Un accompagnement pour les enfants de quelques mois \u00e0 la pr\u00e9-adolescence &nbsp; En groupe Une stimulation ludique du d\u00e9veloppement du jeune enfant \u00e0 la d\u00e9couverte de lui-m\u00eame, des autres et de son environnement, en pr\u00e9sence d&#8217;autres enfants et\/ou de son parent ou de la personne qui prend soin de lui (s\u00e9ances parents-enfants). Ou individuellement Une [&hellip;]<\/p>\n","protected":false},"author":1,"featured_media":0,"parent":0,"menu_order":4,"comment_status":"closed","ping_status":"closed","template":"","meta":{"footnotes":""},"_links":{"self":[{"href":"http:\/\/toutenjeu.be\/index.php\/wp-json\/wp\/v2\/pages\/59"}],"collection":[{"href":"http:\/\/toutenjeu.be\/index.php\/wp-json\/wp\/v2\/pages"}],"about":[{"href":"http:\/\/toutenjeu.be\/index.php\/wp-json\/wp\/v2\/types\/page"}],"author":[{"embeddable":true,"href":"http:\/\/toutenjeu.be\/index.php\/wp-json\/wp\/v2\/users\/1"}],"replies":[{"embeddable":true,"href":"http:\/\/toutenjeu.be\/index.php\/wp-json\/wp\/v2\/comments?post=59"}],"version-history":[{"count":17,"href":"http:\/\/toutenjeu.be\/index.php\/wp-json\/wp\/v2\/pages\/59\/revisions"}],"predecessor-version":[{"id":224,"href":"http:\/\/toutenjeu.be\/index.php\/wp-json\/wp\/v2\/pages\/59\/revisions\/224"}],"wp:attachment":[{"href":"http:\/\/toutenjeu.be\/index.php\/wp-json\/wp\/v2\/media?parent=59"}],"curies":[{"name":"wp","href":"https:\/\/api.w.org\/{rel}","templated":true}]}}