{"id":61,"date":"2017-01-22T19:36:10","date_gmt":"2017-01-22T18:36:10","guid":{"rendered":"http:\/\/toutenjeu.be\/?page_id=61"},"modified":"2018-06-03T22:44:33","modified_gmt":"2018-06-03T20:44:33","slug":"mais-cela-se-passe-comment","status":"publish","type":"page","link":"http:\/\/toutenjeu.be\/index.php\/mais-cela-se-passe-comment\/","title":{"rendered":"Une s\u00e9ance"},"content":{"rendered":"<p><strong>Une s\u00e9ance en psychomotricit\u00e9 s&#8217;appuie sur un cadre rigoureux, pr\u00e9cis, avec un mat\u00e9riel sp\u00e9cifique, dans un espace et temps suffisant pour s&#8217;y d\u00e9ployer et \u00e0 un rythme r\u00e9gulier.<br \/>\n<\/strong><\/p>\n<p><strong>Une s\u00e9ance de psychomotricit\u00e9 se con\u00e7oit comme un itin\u00e9raire de maturation.\u00a0 <\/strong><\/p>\n<p><strong>Notre proposition \u00e0 l&#8217;enfant est de :<\/strong><\/p>\n<ul>\n<li>passer DE la d\u00e9charge par la destruction du mur de mousses A la construction ;<\/li>\n<li>passer DE l&#8217;enfouissement A l&#8217;enveloppement ;<\/li>\n<li>passer DES jeux sensorimoteurs AUX jeux symboliques ;<\/li>\n<li>passer DE l&#8217;expressivit\u00e9 motrice A la repr\u00e9sentation par le dessin, le modelage, la construction&#8230;<\/li>\n<\/ul>\n<p>&nbsp;<\/p>\n<p>C&#8217;est le plaisir partag\u00e9 dans le jeu qui sera le moteur de la transformation de l&#8217;enfant. Ce plaisir recherch\u00e9 dans chaque proposition sera \u00e0 la base de la r\u00e9assurance profonde de l&#8217;enfant. C&#8217;est ainsi que notre d\u00e9marche contribue \u00e0 la construction de sa s\u00e9curit\u00e9 int\u00e9rieure. Le renforcement du sentiment continu d&#8217;existence sera une stimulation \u00e0 grandir, \u00e0 reprendre son parcours de d\u00e9veloppement, une invitation \u00e0 l&#8217;enfant \u00e0 se dire, \u00e0 cr\u00e9er, \u00e0 s&#8217;ouvrir aux apprentissages.<\/p>\n<p>&nbsp;<\/p>\n","protected":false},"excerpt":{"rendered":"<p>Une s\u00e9ance en psychomotricit\u00e9 s&#8217;appuie sur un cadre rigoureux, pr\u00e9cis, avec un mat\u00e9riel sp\u00e9cifique, dans un espace et temps suffisant pour s&#8217;y d\u00e9ployer et \u00e0 un rythme r\u00e9gulier. Une s\u00e9ance de psychomotricit\u00e9 se con\u00e7oit comme un itin\u00e9raire de maturation.\u00a0 Notre proposition \u00e0 l&#8217;enfant est de : passer DE la d\u00e9charge par la destruction du mur [&hellip;]<\/p>\n","protected":false},"author":1,"featured_media":0,"parent":0,"menu_order":2,"comment_status":"closed","ping_status":"closed","template":"","meta":{"footnotes":""},"_links":{"self":[{"href":"http:\/\/toutenjeu.be\/index.php\/wp-json\/wp\/v2\/pages\/61"}],"collection":[{"href":"http:\/\/toutenjeu.be\/index.php\/wp-json\/wp\/v2\/pages"}],"about":[{"href":"http:\/\/toutenjeu.be\/index.php\/wp-json\/wp\/v2\/types\/page"}],"author":[{"embeddable":true,"href":"http:\/\/toutenjeu.be\/index.php\/wp-json\/wp\/v2\/users\/1"}],"replies":[{"embeddable":true,"href":"http:\/\/toutenjeu.be\/index.php\/wp-json\/wp\/v2\/comments?post=61"}],"version-history":[{"count":11,"href":"http:\/\/toutenjeu.be\/index.php\/wp-json\/wp\/v2\/pages\/61\/revisions"}],"predecessor-version":[{"id":266,"href":"http:\/\/toutenjeu.be\/index.php\/wp-json\/wp\/v2\/pages\/61\/revisions\/266"}],"wp:attachment":[{"href":"http:\/\/toutenjeu.be\/index.php\/wp-json\/wp\/v2\/media?parent=61"}],"curies":[{"name":"wp","href":"https:\/\/api.w.org\/{rel}","templated":true}]}}