{"id":66,"date":"2017-01-22T19:38:18","date_gmt":"2017-01-22T18:38:18","guid":{"rendered":"http:\/\/toutenjeu.be\/?page_id=66"},"modified":"2018-06-03T22:43:05","modified_gmt":"2018-06-03T20:43:05","slug":"pourquoi-la-psychomotricite-aucouturier","status":"publish","type":"page","link":"http:\/\/toutenjeu.be\/index.php\/pourquoi-la-psychomotricite-aucouturier\/","title":{"rendered":"La psychomotricit\u00e9 Aucouturier"},"content":{"rendered":"<h3 style=\"padding-left: 30px; text-align: left;\">La psychomotricit\u00e9 Aucouturier*, c&#8217;est une pratique psychomotrice qui prend en compte l\u2019enfant dans ses dimensions psycho-corporelles.<\/h3>\n<h3 style=\"padding-left: 30px; text-align: left;\">Elle se fonde sur le jeu en relation et le plaisir sensorimoteur. Elle s&#8217;appuie sur la confiance qui se tisse avec l&#8217;enfant et ses parents.<\/h3>\n<h3 style=\"text-align: left;\"><\/h3>\n<p>&nbsp;<\/p>\n<p><strong>Pourquoi cette pratique ?<\/strong><\/p>\n<ul>\n<li>elle touche et mobilise chez l\u2019enfant son tonus corporel et l\u2019\u00e9motion, c\u2019est-\u00e0-dire tout ce qui le mobilise pour grandir\u00a0;<\/li>\n<li>elle est fond\u00e9e sur le plaisir de l\u2019enfant \u00e0 jouer et \u00e0 se dire par le mouvement, en relation avec l\u2019autre, moteur essentiel de vie pour lui\u00a0;<\/li>\n<li>elle accueille l\u2019enfant dans sa globalit\u00e9 et sa singularit\u00e9\u00a0;<\/li>\n<li>elle permet \u00e0 l\u2019enfant d\u2019apprendre \u00e0 progressivement passer du plaisir d\u2019agir au plaisir de penser et de communiquer, et ainsi de cr\u00e9er\u00a0;<\/li>\n<li>elle est structur\u00e9e par un cadre pr\u00e9cis, ritualis\u00e9, rigoureux, qui int\u00e8gre les toutes premi\u00e8res \u00e9tapes du d\u00e9veloppement d\u2019un enfant (au cours de ses trois premi\u00e8res ann\u00e9es de la vie) ;<\/li>\n<li>reconnaissant l&#8217;enfant dans sa singularit\u00e9, elle lui permet de s&#8217;ouvrir au langage, au plaisir de l&#8217;expression, de la communication et aux apprentissages ;<\/li>\n<li>elle prend en compte l\u2019histoire de l\u2019enfant, en \u00e9change avec ses parents. L\u2019accompagnement, le regard port\u00e9 sur l\u2019enfant sont essentiels pour lui permettre de se transformer.<\/li>\n<\/ul>\n<h5><\/h5>\n<h5>* pratique relationnelle, \u00e0 orientation analytique, appartenant au courant des th\u00e9rapies humanistes &#8211; voir le <a href=\"http:\/\/www.ebppa.be\"><span style=\"color: blue;\">site de l\u2019\u00e9cole belge de PPA<\/span><\/a><\/h5>\n","protected":false},"excerpt":{"rendered":"<p>La psychomotricit\u00e9 Aucouturier*, c&#8217;est une pratique psychomotrice qui prend en compte l\u2019enfant dans ses dimensions psycho-corporelles. Elle se fonde sur le jeu en relation et le plaisir sensorimoteur. Elle s&#8217;appuie sur la confiance qui se tisse avec l&#8217;enfant et ses parents. &nbsp; Pourquoi cette pratique ? elle touche et mobilise chez l\u2019enfant son tonus corporel [&hellip;]<\/p>\n","protected":false},"author":1,"featured_media":0,"parent":0,"menu_order":1,"comment_status":"closed","ping_status":"closed","template":"","meta":{"footnotes":""},"_links":{"self":[{"href":"http:\/\/toutenjeu.be\/index.php\/wp-json\/wp\/v2\/pages\/66"}],"collection":[{"href":"http:\/\/toutenjeu.be\/index.php\/wp-json\/wp\/v2\/pages"}],"about":[{"href":"http:\/\/toutenjeu.be\/index.php\/wp-json\/wp\/v2\/types\/page"}],"author":[{"embeddable":true,"href":"http:\/\/toutenjeu.be\/index.php\/wp-json\/wp\/v2\/users\/1"}],"replies":[{"embeddable":true,"href":"http:\/\/toutenjeu.be\/index.php\/wp-json\/wp\/v2\/comments?post=66"}],"version-history":[{"count":30,"href":"http:\/\/toutenjeu.be\/index.php\/wp-json\/wp\/v2\/pages\/66\/revisions"}],"predecessor-version":[{"id":301,"href":"http:\/\/toutenjeu.be\/index.php\/wp-json\/wp\/v2\/pages\/66\/revisions\/301"}],"wp:attachment":[{"href":"http:\/\/toutenjeu.be\/index.php\/wp-json\/wp\/v2\/media?parent=66"}],"curies":[{"name":"wp","href":"https:\/\/api.w.org\/{rel}","templated":true}]}}